{"id":3816,"date":"2022-02-21T20:55:57","date_gmt":"2022-02-21T20:55:57","guid":{"rendered":"https:\/\/www.vertix.es\/?page_id=3816"},"modified":"2022-10-14T10:29:36","modified_gmt":"2022-10-14T10:29:36","slug":"horta","status":"publish","type":"page","link":"https:\/\/www.vertix.es\/es\/horta\/","title":{"rendered":"Horta"},"content":{"rendered":"<p><div class=\"fusion-fullwidth fullwidth-box fusion-builder-row-1 fusion-flex-container nonhundred-percent-fullwidth non-hundred-percent-height-scrolling\" style=\"--awb-background-position:left top;--awb-border-radius-top-left:0px;--awb-border-radius-top-right:0px;--awb-border-radius-bottom-right:0px;--awb-border-radius-bottom-left:0px;--awb-padding-top:40px;--awb-padding-right:0px;--awb-padding-bottom:0px;--awb-padding-left:0px;--awb-margin-top:0px;--awb-margin-bottom:0px;--awb-background-color:#ffffff;--awb-border-sizes-top:0px;--awb-border-sizes-bottom:0px;--awb-flex-wrap:wrap;\" ><div class=\"fusion-builder-row fusion-row fusion-flex-align-items-flex-start fusion-flex-content-wrap\" style=\"max-width:calc( 1100px + 0px );margin-left: calc(-0px \/ 2 );margin-right: calc(-0px \/ 2 );\"><div class=\"fusion-layout-column fusion_builder_column fusion-builder-column-0 fusion_builder_column_1_1 1_1 fusion-flex-column\" style=\"--awb-bg-size:cover;--awb-width-large:100%;--awb-margin-top-large:0px;--awb-spacing-right-large:0px;--awb-margin-bottom-large:0px;--awb-spacing-left-large:0px;--awb-width-medium:100%;--awb-spacing-right-medium:0px;--awb-spacing-left-medium:0px;--awb-width-small:100%;--awb-spacing-right-small:0px;--awb-spacing-left-small:0px;\"><div class=\"fusion-column-wrapper fusion-flex-justify-content-flex-start fusion-content-layout-column\"><div class=\"fusion-image-carousel fusion-image-carousel-auto fusion-image-carousel-1\"><div class=\"awb-carousel awb-swiper awb-swiper-carousel awb-swiper-dots-position-bottom awb-carousel--carousel\" data-layout=\"carousel\" data-autoplay=\"yes\" data-autoplayspeed=\"2500\" data-autoplaypause=\"no\" data-columns=\"1\" data-itemmargin=\"0\" data-itemwidth=\"180\" data-touchscroll=\"no\" data-freemode=\"no\" data-imagesize=\"auto\" data-scrollitems=\"0\" data-centeredslides=\"no\" data-rotationangle=\"50\" data-depth=\"100\" data-speed=\"500\" data-shadow=\"no\" style=\"--awb-columns:1;--awb-column-spacing:0px;\"><div class=\"swiper-wrapper awb-image-carousel-wrapper fusion-flex-align-items-center\"><div class=\"swiper-slide\"><div class=\"fusion-carousel-item-wrapper\"><div class=\"fusion-image-wrapper hover-type-none\"><img decoding=\"async\" width=\"1000\" height=\"600\" src=\"https:\/\/www.vertix.es\/wp-content\/uploads\/2022\/02\/Granollers54-vista2HR.jpg\" class=\"attachment-full size-full\" alt=\"\" srcset=\"https:\/\/www.vertix.es\/wp-content\/uploads\/2022\/02\/Granollers54-vista2HR-200x120.jpg 200w, https:\/\/www.vertix.es\/wp-content\/uploads\/2022\/02\/Granollers54-vista2HR-300x180.jpg 300w, https:\/\/www.vertix.es\/wp-content\/uploads\/2022\/02\/Granollers54-vista2HR-400x240.jpg 400w, https:\/\/www.vertix.es\/wp-content\/uploads\/2022\/02\/Granollers54-vista2HR-600x360.jpg 600w, https:\/\/www.vertix.es\/wp-content\/uploads\/2022\/02\/Granollers54-vista2HR-768x461.jpg 768w, https:\/\/www.vertix.es\/wp-content\/uploads\/2022\/02\/Granollers54-vista2HR-800x480.jpg 800w, https:\/\/www.vertix.es\/wp-content\/uploads\/2022\/02\/Granollers54-vista2HR.jpg 1000w\" sizes=\"(max-width: 1000px) 100vw, 1000px\" \/><\/div><\/div><\/div><div class=\"swiper-slide\"><div class=\"fusion-carousel-item-wrapper\"><div class=\"fusion-image-wrapper hover-type-none\"><img decoding=\"async\" width=\"1000\" height=\"600\" src=\"https:\/\/www.vertix.es\/wp-content\/uploads\/2022\/02\/Granollers54-vista1bisHR.jpg\" class=\"attachment-full size-full\" alt=\"\" srcset=\"https:\/\/www.vertix.es\/wp-content\/uploads\/2022\/02\/Granollers54-vista1bisHR-200x120.jpg 200w, https:\/\/www.vertix.es\/wp-content\/uploads\/2022\/02\/Granollers54-vista1bisHR-300x180.jpg 300w, https:\/\/www.vertix.es\/wp-content\/uploads\/2022\/02\/Granollers54-vista1bisHR-400x240.jpg 400w, https:\/\/www.vertix.es\/wp-content\/uploads\/2022\/02\/Granollers54-vista1bisHR-600x360.jpg 600w, https:\/\/www.vertix.es\/wp-content\/uploads\/2022\/02\/Granollers54-vista1bisHR-768x461.jpg 768w, https:\/\/www.vertix.es\/wp-content\/uploads\/2022\/02\/Granollers54-vista1bisHR-800x480.jpg 800w, https:\/\/www.vertix.es\/wp-content\/uploads\/2022\/02\/Granollers54-vista1bisHR.jpg 1000w\" sizes=\"(max-width: 1000px) 100vw, 1000px\" \/><\/div><\/div><\/div><\/div><div class=\"awb-swiper-button awb-swiper-button-prev\"><i class=\"awb-icon-angle-left\" aria-hidden=\"true\"><\/i><\/div><div class=\"awb-swiper-button awb-swiper-button-next\"><i class=\"awb-icon-angle-right\" aria-hidden=\"true\"><\/i><\/div><\/div><\/div><\/div><\/div><\/div><\/div><div class=\"fusion-fullwidth fullwidth-box fusion-builder-row-2 fusion-flex-container nonhundred-percent-fullwidth non-hundred-percent-height-scrolling\" style=\"--awb-background-position:left top;--awb-border-radius-top-left:0px;--awb-border-radius-top-right:0px;--awb-border-radius-bottom-right:0px;--awb-border-radius-bottom-left:0px;--awb-padding-top:20px;--awb-padding-right:8%;--awb-padding-bottom:20px;--awb-padding-left:8%;--awb-margin-top:0px;--awb-margin-bottom:0px;--awb-background-color:#ffffff;--awb-border-sizes-top:0px;--awb-border-sizes-bottom:0px;--awb-flex-wrap:wrap;\" ><div class=\"fusion-builder-row fusion-row fusion-flex-align-items-flex-start fusion-flex-content-wrap\" style=\"max-width:1144px;margin-left: calc(-4% \/ 2 );margin-right: calc(-4% \/ 2 );\"><div class=\"fusion-layout-column fusion_builder_column fusion-builder-column-1 fusion_builder_column_1_3 1_3 fusion-flex-column\" style=\"--awb-bg-size:cover;--awb-width-large:33.333333333333%;--awb-margin-top-large:0px;--awb-spacing-right-large:3.8399999999999%;--awb-margin-bottom-large:20px;--awb-spacing-left-large:5.76%;--awb-width-medium:33.333333333333%;--awb-spacing-right-medium:3.8399999999999%;--awb-spacing-left-medium:5.76%;--awb-width-small:100%;--awb-spacing-right-small:1.92%;--awb-spacing-left-small:1.92%;\"><div class=\"fusion-column-wrapper fusion-flex-justify-content-flex-start fusion-content-layout-column\"><div class=\"fusion-text fusion-text-1\"><h4><strong>Ubicaci\u00f3n obra<\/strong><br \/>\nC\/ Granollers 54, Horta<br \/>\nBarcelona<\/h4>\n<\/div><div class=\"fusion-separator fusion-full-width-sep\" style=\"align-self: center;margin-left: auto;margin-right: auto;margin-top:10px;margin-bottom:15px;width:100%;\"><div class=\"fusion-separator-border sep-single sep-solid\" style=\"--awb-height:20px;--awb-amount:20px;--awb-sep-color:#666666;border-color:#666666;border-top-width:1px;\"><\/div><\/div><div class=\"fusion-text fusion-text-2\"><h4><strong>Informaci\u00f3n y ventas<\/strong><br \/>\nC\/ del Lobreg\u00f3s 9-13<br \/>\n08032 Barcelona<br \/>\n<strong><a href=\"mailto:info@vertix.es\" target=\"_blank\" rel=\"noopener\">info@vertix.es<\/a><\/strong><\/h4>\n<h4><strong>Tel. 671 484 470<\/strong><\/h4>\n<\/div><div class=\"fusion-separator fusion-full-width-sep\" style=\"align-self: center;margin-left: auto;margin-right: auto;margin-top:5px;margin-bottom:5px;width:100%;\"><div class=\"fusion-separator-border sep-single sep-solid\" style=\"--awb-height:20px;--awb-amount:20px;--awb-sep-color:#e0e0e0;border-color:#e0e0e0;border-top-width:1px;\"><\/div><\/div><div class=\"accordian fusion-accordian\" style=\"--awb-border-size:1px;--awb-icon-size:13px;--awb-content-font-size:var(--awb-typography4-font-size);--awb-icon-alignment:left;--awb-hover-color:#f9f9f9;--awb-border-color:#cccccc;--awb-background-color:#ffffff;--awb-divider-color:var(--awb-color3);--awb-divider-hover-color:var(--awb-color3);--awb-icon-color:#ffffff;--awb-title-color:var(--awb-color8);--awb-content-color:var(--awb-color8);--awb-icon-box-color:#37383a;--awb-toggle-hover-accent-color:#adadad;--awb-title-font-family:var(--awb-typography1-font-family);--awb-title-font-weight:var(--awb-typography1-font-weight);--awb-title-font-style:var(--awb-typography1-font-style);--awb-title-font-size:16px;--awb-title-line-height:1.56;--awb-content-font-family:var(--awb-typography4-font-family);--awb-content-font-weight:var(--awb-typography4-font-weight);--awb-content-font-style:var(--awb-typography4-font-style);\"><div class=\"panel-group fusion-toggle-icon-boxed\" id=\"accordion-3816-1\"><div class=\"fusion-panel panel-default panel-ddc364500fc1e9823 fusion-toggle-has-divider\"><div class=\"panel-heading\"><h4 class=\"panel-title toggle\" id=\"toggle_ddc364500fc1e9823\"><a aria-expanded=\"false\" aria-controls=\"ddc364500fc1e9823\" role=\"button\" data-toggle=\"collapse\" data-parent=\"#accordion-3816-1\" data-target=\"#ddc364500fc1e9823\" href=\"#ddc364500fc1e9823\"><span class=\"fusion-toggle-icon-wrapper\" aria-hidden=\"true\"><i class=\"fa-fusion-box active-icon awb-icon-minus\" aria-hidden=\"true\"><\/i><i class=\"fa-fusion-box inactive-icon awb-icon-plus\" aria-hidden=\"true\"><\/i><\/span><span class=\"fusion-toggle-heading\">Planos<\/span><\/a><\/h4><\/div><div id=\"ddc364500fc1e9823\" class=\"panel-collapse collapse \" aria-labelledby=\"toggle_ddc364500fc1e9823\"><div class=\"panel-body toggle-content fusion-clearfix\">\n<p><span style=\"color: #000000;\"><a style=\"color: #000000;\" href=\"https:\/\/www.vertix.es\/wp-content\/uploads\/2022\/02\/1r.-1a.-Granollers-54-v2.pdf\" target=\"_blank\" rel=\"noopener\">3 dormitorios.<br \/>\nVer plano PDF<\/a><\/span><\/p>\n<p><span style=\"color: #000000;\"><a style=\"color: #000000;\" href=\"https:\/\/www.vertix.es\/wp-content\/uploads\/2022\/02\/1r.-3a.-Granollers-54-v2.pdf\" target=\"_blank\" rel=\"noopener\">3 dormitorios.<br \/>\n<\/a><a style=\"color: #000000;\" href=\"https:\/\/www.vertix.es\/wp-content\/uploads\/2022\/02\/3d-1-1-1.pdf\" target=\"_blank\" rel=\"noopener\">Ver plano <\/a><a style=\"color: #000000;\" href=\"https:\/\/www.vertix.es\/wp-content\/uploads\/2022\/02\/3d-1-3-1.pdf\" target=\"_blank\" rel=\"noopener\"> PDF<\/a><\/span><\/p>\n<\/div><\/div><\/div><div class=\"fusion-panel panel-default panel-4ff00dc9f82d77643 fusion-toggle-has-divider\"><div class=\"panel-heading\"><h4 class=\"panel-title toggle\" id=\"toggle_4ff00dc9f82d77643\"><a aria-expanded=\"false\" aria-controls=\"4ff00dc9f82d77643\" role=\"button\" data-toggle=\"collapse\" data-parent=\"#accordion-3816-1\" data-target=\"#4ff00dc9f82d77643\" href=\"#4ff00dc9f82d77643\"><span class=\"fusion-toggle-icon-wrapper\" aria-hidden=\"true\"><i class=\"fa-fusion-box active-icon awb-icon-minus\" aria-hidden=\"true\"><\/i><i class=\"fa-fusion-box inactive-icon awb-icon-plus\" aria-hidden=\"true\"><\/i><\/span><span class=\"fusion-toggle-heading\">Memoria de calidades<\/span><\/a><\/h4><\/div><div id=\"4ff00dc9f82d77643\" class=\"panel-collapse collapse \" aria-labelledby=\"toggle_4ff00dc9f82d77643\"><div class=\"panel-body toggle-content fusion-clearfix\">\n<p><span style=\"color: #000000;\"><a style=\"color: #000000;\" href=\"https:\/\/www.vertix.es\/wp-content\/uploads\/2022\/02\/20211018-MEMORIA-QUALITATS-CATALA-C-Granollers-54-BCN.pdf\" target=\"_blank\" rel=\"noopener\">Descarregar mem\u00f2ria de qualitats PDF<\/a><\/span><\/p>\n<\/div><\/div><\/div><div class=\"fusion-panel panel-default panel-e129a8b33bf5ebcb2 fusion-toggle-has-divider\"><div class=\"panel-heading\"><h4 class=\"panel-title toggle\" id=\"toggle_e129a8b33bf5ebcb2\"><a aria-expanded=\"false\" aria-controls=\"e129a8b33bf5ebcb2\" role=\"button\" data-toggle=\"collapse\" data-parent=\"#accordion-3816-1\" data-target=\"#e129a8b33bf5ebcb2\" href=\"#e129a8b33bf5ebcb2\"><span class=\"fusion-toggle-icon-wrapper\" aria-hidden=\"true\"><i class=\"fa-fusion-box active-icon awb-icon-minus\" aria-hidden=\"true\"><\/i><i class=\"fa-fusion-box inactive-icon awb-icon-plus\" aria-hidden=\"true\"><\/i><\/span><span class=\"fusion-toggle-heading\">Mas informaci\u00f3n<\/span><\/a><\/h4><\/div><div id=\"e129a8b33bf5ebcb2\" class=\"panel-collapse collapse \" aria-labelledby=\"toggle_e129a8b33bf5ebcb2\"><div class=\"panel-body toggle-content fusion-clearfix\">\n\n<div class=\"wpcf7 no-js\" id=\"wpcf7-f3824-o1\" lang=\"ca\" dir=\"ltr\" data-wpcf7-id=\"3824\">\n<div class=\"screen-reader-response\"><p role=\"status\" aria-live=\"polite\" aria-atomic=\"true\"><\/p> <ul><\/ul><\/div>\n<form action=\"\/es\/wp-json\/wp\/v2\/pages\/3816#wpcf7-f3824-o1\" method=\"post\" class=\"wpcf7-form init\" aria-label=\"Formulari de contacte\" novalidate=\"novalidate\" data-status=\"init\">\n<div style=\"display: none;\">\n<input type=\"hidden\" name=\"_wpcf7\" value=\"3824\" \/>\n<input type=\"hidden\" name=\"_wpcf7_version\" value=\"6.0.6\" \/>\n<input type=\"hidden\" name=\"_wpcf7_locale\" value=\"ca\" \/>\n<input type=\"hidden\" name=\"_wpcf7_unit_tag\" value=\"wpcf7-f3824-o1\" \/>\n<input type=\"hidden\" name=\"_wpcf7_container_post\" value=\"0\" \/>\n<input type=\"hidden\" name=\"_wpcf7_posted_data_hash\" value=\"\" \/>\n<\/div>\n<h4>Nombre*<br \/>\n<span class=\"wpcf7-form-control-wrap\" data-name=\"your-name\"><input size=\"40\" maxlength=\"400\" class=\"wpcf7-form-control wpcf7-text wpcf7-validates-as-required\" aria-required=\"true\" aria-invalid=\"false\" value=\"\" type=\"text\" name=\"your-name\" \/><\/span> <br \/>\n\t<p>Correo electr\u00f3nico*\n\t<\/p><span class=\"wpcf7-form-control-wrap\" data-name=\"your-email\"><input size=\"40\" maxlength=\"400\" class=\"wpcf7-form-control wpcf7-email wpcf7-validates-as-required wpcf7-text wpcf7-validates-as-email\" aria-required=\"true\" aria-invalid=\"false\" value=\"\" type=\"email\" name=\"your-email\" \/><\/span> <br \/>\n\t<p>Tel\u00e9fono*\n\t<\/p><span class=\"wpcf7-form-control-wrap\" data-name=\"tel-674\"><input size=\"40\" maxlength=\"400\" class=\"wpcf7-form-control wpcf7-tel wpcf7-text wpcf7-validates-as-tel\" aria-invalid=\"false\" value=\"\" type=\"tel\" name=\"tel-674\" \/><\/span> <br \/>\n\t<p>Consulta sobre Promoci\u00f3n en Horta\n\t<\/p>\n<\/h4>\n<p><span class=\"wpcf7-form-control-wrap\" data-name=\"your-message\"><textarea cols=\"40\" rows=\"10\" maxlength=\"2000\" class=\"wpcf7-form-control wpcf7-textarea\" aria-invalid=\"false\" name=\"your-message\"><\/textarea><\/span>\n<\/p>\n<p><input class=\"wpcf7-form-control wpcf7-submit has-spinner\" type=\"submit\" value=\"Enviar\" \/>\n<\/p>\n<p><span class=\"wpcf7-form-control-wrap\" data-name=\"acceptance-688\"><span class=\"wpcf7-form-control wpcf7-acceptance\"><span class=\"wpcf7-list-item\"><input type=\"checkbox\" name=\"acceptance-688\" value=\"1\" aria-invalid=\"false\" \/><\/span><\/span><\/span> Acepto la <a href=\"https:\/\/vertix.es\/aviso-legal\/\" target=\"_blank\">pol\u00edtica de privacidad de datos<\/a>\n<\/p><div class=\"fusion-alert alert custom alert-custom fusion-alert-center wpcf7-response-output awb-alert-native-link-color alert-dismissable awb-alert-close-boxed\" style=\"--awb-border-top-left-radius:0px;--awb-border-top-right-radius:0px;--awb-border-bottom-left-radius:0px;--awb-border-bottom-right-radius:0px;\" role=\"alert\"><div class=\"fusion-alert-content-wrapper\"><span class=\"fusion-alert-content\"><\/span><\/div><button type=\"button\" class=\"close toggle-alert\" data-dismiss=\"alert\" aria-label=\"Close\">&times;<\/button><\/div>\n<\/form>\n<\/div>\n\n<\/div><\/div><\/div><div class=\"fusion-panel panel-default panel-119b9145db350e754 fusion-toggle-has-divider\"><div class=\"panel-heading\"><h4 class=\"panel-title toggle\" id=\"toggle_119b9145db350e754\"><a aria-expanded=\"false\" aria-controls=\"119b9145db350e754\" role=\"button\" data-toggle=\"collapse\" data-parent=\"#accordion-3816-1\" data-target=\"#119b9145db350e754\" href=\"#119b9145db350e754\"><span class=\"fusion-toggle-icon-wrapper\" aria-hidden=\"true\"><i class=\"fa-fusion-box active-icon awb-icon-minus\" aria-hidden=\"true\"><\/i><i class=\"fa-fusion-box inactive-icon awb-icon-plus\" aria-hidden=\"true\"><\/i><\/span><span class=\"fusion-toggle-heading\">Certificado energ\u00e9tico<\/span><\/a><\/h4><\/div><div id=\"119b9145db350e754\" class=\"panel-collapse collapse \" aria-labelledby=\"toggle_119b9145db350e754\"><div class=\"panel-body toggle-content fusion-clearfix\">\n<p>Consumo de energ\u00eda kWh\/m2 a\u00f1o B 28<br \/>\nEmisiones Kg CO2\/m2 a\u00f1o A 4<\/p>\n<p><a href=\"https:\/\/www.vertix.es\/wp-content\/uploads\/2022\/02\/G54-EtiquetesEnergiaProjecte_VS8THD3XK-1.jpg\"><img decoding=\"async\" class=\"alignnone wp-image-3787\" src=\"https:\/\/www.vertix.es\/wp-content\/uploads\/2022\/02\/G54-EtiquetesEnergiaProjecte_VS8THD3XK-1-300x227.jpg\" alt=\"\" width=\"220\" height=\"167\" srcset=\"https:\/\/www.vertix.es\/wp-content\/uploads\/2022\/02\/G54-EtiquetesEnergiaProjecte_VS8THD3XK-1-200x151.jpg 200w, https:\/\/www.vertix.es\/wp-content\/uploads\/2022\/02\/G54-EtiquetesEnergiaProjecte_VS8THD3XK-1-300x227.jpg 300w, https:\/\/www.vertix.es\/wp-content\/uploads\/2022\/02\/G54-EtiquetesEnergiaProjecte_VS8THD3XK-1.jpg 350w\" sizes=\"(max-width: 220px) 100vw, 220px\" \/><\/a><\/p>\n<\/div><\/div><\/div><\/div><\/div><\/div><\/div><div class=\"fusion-layout-column fusion_builder_column fusion-builder-column-2 fusion_builder_column_2_3 2_3 fusion-flex-column\" style=\"--awb-bg-size:cover;--awb-width-large:66.666666666667%;--awb-margin-top-large:0px;--awb-spacing-right-large:2.88%;--awb-margin-bottom-large:20px;--awb-spacing-left-large:3.84%;--awb-width-medium:66.666666666667%;--awb-spacing-right-medium:2.88%;--awb-spacing-left-medium:3.84%;--awb-width-small:100%;--awb-spacing-right-small:1.92%;--awb-spacing-left-small:1.92%;\"><div class=\"fusion-column-wrapper fusion-flex-justify-content-flex-start fusion-content-layout-column\"><div class=\"fusion-text fusion-text-3\"><h2><strong>Residencial Granollers 54, Horta<\/strong><\/h2>\n<h4>C\/ Granollers 54. Promoci\u00f3n residencial en Horta.<\/h4>\n<p>Edificio de nueva construcci\u00f3n de 8 viviendas de 2 y 3 dormitorios. 3 exclusivas plantas bajas con grandes terrazas y 2 \u00e1ticos para disfrutar de las vistas del emblem\u00e1tico barrio residencial de Font d\u00b4en Fargues y del Parque del Carmelo. Plazas de aparcamiento y trasteros en el mismo edificio. Acabados de calidad, cocinas abiertas al comedor y sistema de aerot\u00e9rmia por aire acondicionado y calefacci\u00f3n para su bienestar y ahorro econ\u00f3mico.<\/p>\n<h4>No esperes y visita el piso muestra y conoce el barrio de Horta.<\/h4>\n<p>Su ubicaci\u00f3n, entre el mar y la monta\u00f1a y su proximidad con espacios naturales como el Parque natural de Collserola, el Parque dels Tres Turons o el Parque del Laberinto, hacen de este distrito uno de los m\u00e1s agradables para vivir, con un marcado ambiente familiar.<\/p>\n<\/div><div class=\"fusion-separator\" style=\"align-self: flex-start;margin-right:auto;margin-top:15px;margin-bottom:15px;width:100%;max-width:50px;\"><\/div><div class=\"fusion-separator\" style=\"align-self: flex-start;margin-right:auto;margin-top:15px;margin-bottom:15px;width:100%;max-width:50px;\"><div class=\"fusion-separator-border sep-single sep-solid\" style=\"--awb-height:20px;--awb-amount:20px;--awb-sep-color:#878585;border-color:#878585;border-top-width:1px;\"><\/div><\/div><div class=\"fusion-text fusion-text-4\"><h2><strong>Eje comercial, instalaciones y equipamientos<\/strong><\/h2>\n<p>A destacar cerca del Edificio, el mercado de Horta, el Paseo Maragall y la Plaza ibiza con diversidad de establecimientos de comercio de proximidad priorizando la atenci\u00f3n m\u00e1s personalizada.<\/p>\n<\/div><div class=\"fusion-separator\" style=\"align-self: flex-start;margin-right:auto;margin-top:15px;margin-bottom:15px;width:100%;max-width:50px;\"><\/div><div class=\"fusion-separator\" style=\"align-self: flex-start;margin-right:auto;margin-top:15px;margin-bottom:15px;width:100%;max-width:50px;\"><div class=\"fusion-separator-border sep-single sep-solid\" style=\"--awb-height:20px;--awb-amount:20px;--awb-sep-color:#878585;border-color:#878585;border-top-width:1px;\"><\/div><\/div><div class=\"fusion-text fusion-text-5\"><h2><strong>Creemos en la sostenibilidad<\/strong><\/h2>\n<p>Nuestro objetivo es lograr una alta calificaci\u00f3n energ\u00e9tica que se traduzca en beneficios para nuestros clientes, y por este motivo en Residencial Granollers 54, hemos aplicado una serie de medidas de ecoeficiencia que ayudan al ahorro energ\u00e9tico y que nos hacen estar m\u00e1s comprometidos con el medio ambiente. Estamos encantados de informarte.<\/p>\n<\/div><div class=\"fusion-separator\" style=\"align-self: flex-start;margin-right:auto;margin-top:15px;margin-bottom:15px;width:100%;max-width:50px;\"><\/div><div class=\"fusion-separator\" style=\"align-self: flex-start;margin-right:auto;margin-top:15px;margin-bottom:15px;width:100%;max-width:50px;\"><div class=\"fusion-separator-border sep-single sep-solid\" style=\"--awb-height:20px;--awb-amount:20px;--awb-sep-color:#878585;border-color:#878585;border-top-width:1px;\"><\/div><\/div><div class=\"fusion-text fusion-text-6\"><h2><strong>Ubicaci\u00f3<\/strong><\/h2>\n<p>Buenas comunicaciones con toda la Ciudad, r\u00e1pido acceso a Ronda de Dalt y diversidad de transporte p\u00fablico, entre ellos L-5 Metro. Lugar ideal para los estudiantes. Amplia oferta de escuelas de primaria y de secundaria, centros p\u00fablicos, concertados y privados. Campus y Escuelas Universitarias de gran prestigio.<\/p>\n<\/div><div class=\"fusion-separator\" style=\"align-self: flex-start;margin-right:auto;margin-top:10px;margin-bottom:10px;width:100%;max-width:50px;\"><div class=\"fusion-separator-border sep-double\" style=\"--awb-height:20px;--awb-amount:20px;--awb-sep-color:#878585;border-color:#878585;border-top-width:0px;border-bottom-width:0px;\"><\/div><\/div>\t\t\t\t\t<script type=\"text\/javascript\">\n\t\t\t\t\t\tvar map_fusion_map_69e8e069ced62;\n\t\t\t\t\t\tvar markers = [];\n\t\t\t\t\t\tvar counter = 0;\n\t\t\t\t\t\t\t\t\t\t\t\t\t\t\t\t\t\t\t\tvar fusionMapNonce = '0ef49af8e9';\n\t\t\t\t\t\t\t\t\t\t\t\tfunction fusion_run_map_fusion_map_69e8e069ced62() {\n\t\t\t\t\t\t\tjQuery('#fusion_map_69e8e069ced62').fusion_maps({\n\t\t\t\t\t\t\t\taddresses: [{\"address\":\"41.427185, 2.160242\",\"infobox_content\":\"\",\"coordinates\":true,\"latitude\":\"41.427185\",\"longitude\":\" 2.160242\",\"cache\":true,\"geocoded_address\":\"41.427185, 2.160242\"}],\n\t\t\t\t\t\t\t\tanimations: false,\n\t\t\t\t\t\t\t\tinfobox_background_color: '',\n\t\t\t\t\t\t\t\tinfobox_styling: 'default',\n\t\t\t\t\t\t\t\tinfobox_text_color: '',\n\t\t\t\t\t\t\t\tmap_style: 'default',\n\t\t\t\t\t\t\t\tmap_type: 'roadmap',\n\t\t\t\t\t\t\t\tmarker_icon: '',\n\t\t\t\t\t\t\t\toverlay_color: '',\n\t\t\t\t\t\t\t\toverlay_color_hsl: {\"hue\":0,\"sat\":0,\"lum\":100},\n\t\t\t\t\t\t\t\tshow_address: true,\n\t\t\t\t\t\t\t\tscale_control: true,\n\t\t\t\t\t\t\t\tscrollwheel: true,\n\t\t\t\t\t\t\t\tzoom: 18,\n\t\t\t\t\t\t\t\tzoom_control: true,\n\t\t\t\t\t\t\t});\n\t\t\t\t\t\t}\n\n\t\t\t\t\t\tgoogle.maps.event.addDomListener(window, 'load', fusion_run_map_fusion_map_69e8e069ced62);\n\t\t\t\t\t<\/script>\n\t\t\t\t\t<div class=\"shortcode-map fusion-google-map fusion-maps-js-type\" id=\"fusion_map_69e8e069ced62\"><\/div><\/div><\/div><\/div><\/div><\/p>\n","protected":false},"excerpt":{"rendered":"","protected":false},"author":8,"featured_media":0,"parent":0,"menu_order":0,"comment_status":"closed","ping_status":"closed","template":"","meta":{"footnotes":""},"class_list":["post-3816","page","type-page","status-publish","hentry"],"_links":{"self":[{"href":"https:\/\/www.vertix.es\/es\/wp-json\/wp\/v2\/pages\/3816","targetHints":{"allow":["GET"]}}],"collection":[{"href":"https:\/\/www.vertix.es\/es\/wp-json\/wp\/v2\/pages"}],"about":[{"href":"https:\/\/www.vertix.es\/es\/wp-json\/wp\/v2\/types\/page"}],"author":[{"embeddable":true,"href":"https:\/\/www.vertix.es\/es\/wp-json\/wp\/v2\/users\/8"}],"replies":[{"embeddable":true,"href":"https:\/\/www.vertix.es\/es\/wp-json\/wp\/v2\/comments?post=3816"}],"version-history":[{"count":12,"href":"https:\/\/www.vertix.es\/es\/wp-json\/wp\/v2\/pages\/3816\/revisions"}],"predecessor-version":[{"id":4321,"href":"https:\/\/www.vertix.es\/es\/wp-json\/wp\/v2\/pages\/3816\/revisions\/4321"}],"wp:attachment":[{"href":"https:\/\/www.vertix.es\/es\/wp-json\/wp\/v2\/media?parent=3816"}],"curies":[{"name":"wp","href":"https:\/\/api.w.org\/{rel}","templated":true}]}}